{"id":1172,"date":"2018-12-16T19:22:47","date_gmt":"2018-12-16T18:22:47","guid":{"rendered":"http:\/\/mgcantu.it\/?page_id=1172"},"modified":"2019-01-13T08:45:26","modified_gmt":"2019-01-13T07:45:26","slug":"disbiosi-2","status":"publish","type":"page","link":"https:\/\/mgcantu.it\/?page_id=1172","title":{"rendered":"DISBIOSI INTESTINALE"},"content":{"rendered":"<p>[et_pb_section fb_built=&#8221;1&#8243; _builder_version=&#8221;3.0.89&#8243; background_image=&#8221;http:\/\/mgcantu.it\/wp-content\/uploads\/2017\/11\/header2-6.png&#8221; background_size=&#8221;initial&#8221; background_position=&#8221;top_left&#8221; custom_padding=&#8221;135px|0px|74px|0px&#8221;][\/et_pb_section][et_pb_section fb_built=&#8221;1&#8243; _builder_version=&#8221;3.0.89&#8243; custom_padding=&#8221;30px|0px|0px|0px&#8221;][et_pb_row custom_padding=&#8221;18px|0px|0px|0px&#8221; _builder_version=&#8221;3.0.89&#8243;][et_pb_column type=&#8221;4_4&#8243; _builder_version=&#8221;3.0.47&#8243; parallax=&#8221;off&#8221; parallax_method=&#8221;on&#8221;][et_pb_text _builder_version=&#8221;3.0.89&#8243;]<\/p>\n<h2><strong>DISBIOSI INTESTINALE\u00a0\u00a0<\/strong><\/h2>\n<p>[\/et_pb_text][\/et_pb_column][\/et_pb_row][\/et_pb_section][et_pb_section fb_built=&#8221;1&#8243; _builder_version=&#8221;3.0.89&#8243; custom_padding=&#8221;0px|0px|3px|0px&#8221;][et_pb_row custom_padding=&#8221;107px|0px|50px|0px&#8221; _builder_version=&#8221;3.0.89&#8243; background_image=&#8221;http:\/\/mgcantu.it\/wp-content\/uploads\/2018\/12\/DisbiosiIntestinale.jpg&#8221;][et_pb_column type=&#8221;4_4&#8243; _builder_version=&#8221;3.0.47&#8243; parallax=&#8221;off&#8221; parallax_method=&#8221;on&#8221;][et_pb_text _builder_version=&#8221;3.0.89&#8243; parallax=&#8221;on&#8221;][\/et_pb_text][\/et_pb_column][\/et_pb_row][\/et_pb_section][et_pb_section fb_built=&#8221;1&#8243; _builder_version=&#8221;3.0.47&#8243; custom_padding=&#8221;0px|0px|0px|0px&#8221;][\/et_pb_section][et_pb_section fb_built=&#8221;1&#8243; _builder_version=&#8221;3.0.89&#8243; custom_padding=&#8221;3px|0px|41px|0px&#8221;][et_pb_row custom_padding=&#8221;6px|0px|18px|0px&#8221; _builder_version=&#8221;3.0.89&#8243; background_size=&#8221;initial&#8221; background_position=&#8221;top_left&#8221; background_repeat=&#8221;repeat&#8221;][et_pb_column type=&#8221;1_4&#8243; _builder_version=&#8221;3.0.47&#8243; parallax=&#8221;off&#8221; parallax_method=&#8221;on&#8221;][et_pb_text _builder_version=&#8221;3.0.89&#8243;]<\/p>\n<p style=\"text-align: right;\">03.2018 . <strong>MG<\/strong>Studio<\/p>\n<div class=\"my_text_box\"><\/div>\n<p class=\"description\">\n[\/et_pb_text][\/et_pb_column][et_pb_column type=&#8221;3_4&#8243; _builder_version=&#8221;3.0.47&#8243; parallax=&#8221;off&#8221; parallax_method=&#8221;on&#8221;][et_pb_text _builder_version=&#8221;3.0.89&#8243;]<\/p>\n<p>La <strong>DISBIOSI INTESTINALE<\/strong> [squilibrio del Microbiota] e l\u2019infiammazione cronica intestinale sono due condizioni mediche chiave nello sviluppo della Permeabilit\u00e0 Intestinale e del Malassorbimento, caratterizzate da un\u2019alterazione nell\u2019assorbimento dei nutrienti e del passaggio di tossine, patogeni e sostanze allergizzanti nel torrente circolatorio a seguito dell\u2019alterazione della mucosa intestinale.<\/p>\n<p><span style=\"font-size: 15px;\">L\u2019infiammazione intestinale si manifesta con alti livelli di citochine pro-infiammatorie come TNF-\u03b1, 1L-1\u03b2 e 1L-6 ed \u00e8 associata, e sostenuta, dall\u2019alterazione dell\u2019equilibrio del Microbiota, predisponendo l\u2019organismo a uno squilibrio immunitario e a risposte di ipersensibilit\u00e0 [allergie] a livello intestinale.<\/span><\/p>\n<div class=\"my_text_box\">\n<p>Infiammazione e disbiosi, quando cronicizzano, favoriscono lo sviluppo della permeabilit\u00e0 e del malassorbimento che, dal canto loro, provocano l\u2019instaurarsi di patologie infiammatorie croniche che possono coinvolgere l\u2019apparato gastrointestinale, il sistema endocrino, l\u2019epidermide e il sistema nervoso. In questa condizione di squilibrio sistemico dell\u2019organismo si possono sviluppare fenomeni patologici come le intolleranze alimentari, patologie infiammatorie cutanee, infiammazione neurale e risposta immunitaria sregolata.<\/p>\n<p>In questo contesto possono risultare particolarmente utili due funghi medicinali molto conosciuti in Cina e in Giappone per il loro im piego millenario in medicina tradizionale cinese [MTC]: l\u2019<strong>Hericium erinaceus<\/strong>\u00a0e il\u00a0<strong>Ganoderma lucidum<\/strong>. All&#8217;\u00a0<strong>Hericium erinaceus\u00a0<\/strong>sono stati ampiamente documentati diversi effetti terapeutici come l&#8217;attivit\u00e0 antiossidante, l&#8217;attivit\u00e0 ipolipemizzante, l&#8217;attivit\u00e0 emoagglutinante, l&#8217;attivit\u00e0 antimicrobica, l&#8217;attivit\u00e0\u00a0 anti-cancerogena e la modulazione dello stress a carico del reticolo endoplasmatico. Si tratta di un vero e proprio fungo polivalente, in grado di esplicare attivit\u00e0 biologica sia sull&#8217;apparato gastroenterico e sia sul sistema nervoso. Questo fungo agisce come importante prebiotico nel caso di disbiosi conseguente a malattia infiammatoria intestinale, regolando la composizione e il metabolismo della flora intestinale. I suoi estratti polisaccaridici sono in grado di ridurre l\u2019infiltrazione linfocitaria, proteggendo dal danno infiammatorio l\u2019epitelio della mucosa gastroenterica, e sopprime la produzione di mediatori infiammatori (TNF-\u03b1, IL-1\u03b2 e IL-6) nei tessuti dell\u2019intestino, equilibrando la risposta immunitaria a livello intestinale.<\/p>\n<p>Il\u00a0<strong>Ganoderma lucidum<\/strong>\u00a0\u00e8 il\u00a0fungo adattogeno\u00a0per eccellenza: invece di trattare un sintomo o una malattia, rafforza e tonifica l\u2019organismo, riducendo la patogenesi di numerose malattie. Una sostanza tonificante, in Medicina Tradizionale Cinese, conferisce vigore e longevit\u00e0 supportando l\u2019organismo e ripristinando l\u2019omeostasi. L\u2019attivit\u00e0 biologica principale di questo fungo \u00e8 quella di\u00a0ridurre l\u2019infiammazione sistemica\u00a0nell\u2019organismo: i suoi\u00a0polisaccaridi\u00a0ad alto peso molecolare possono essere usati come agenti prebiotici in grado di modulare la composizione del microbiota intestinale per prevenire la disbiosi dell&#8217;intestino e i disturbi metabolici. Allevia l\u2019infiammazione modulando la composizione del microbiota, ristabilendo l\u2019integrit\u00e0 della barriera intestinale. Inoltre, i Terpenoidi contenuti nel fungo sono in grado di inibire la produzione di citochine pro-infiammatorie e ridurre l\u2019attivazione del complesso NF-\u03baB implicato nei processi infiammatori dell\u2019organismo.<\/p>\n<p>La sinergia dei due funghi risulta estremamente utile per supportare l\u2019Apparato Digerente nella sua totalit\u00e0, proteggendolo dal danno infiammatorio indotto da uno squilibrio immunitario e\/o di mediatori e da una composizione alterata del Microbiota.<\/p>\n<p style=\"text-align: right;\"><span style=\"color: #009ece;\"><em>\u00a9 da Freeland srl<\/em><\/span><\/p>\n<\/div>\n<p>[\/et_pb_text][\/et_pb_column][\/et_pb_row][\/et_pb_section][et_pb_section fb_built=&#8221;1&#8243; _builder_version=&#8221;3.0.89&#8243; custom_padding=&#8221;15px|0px|8px|0px&#8221;][et_pb_row custom_padding=&#8221;0px|0px|8px|0px&#8221; _builder_version=&#8221;3.0.89&#8243;][et_pb_column type=&#8221;4_4&#8243; _builder_version=&#8221;3.0.89&#8243; parallax=&#8221;off&#8221; parallax_method=&#8221;on&#8221;][et_pb_image src=&#8221;http:\/\/mgcantu.it\/wp-content\/uploads\/2018\/12\/homepage-2.png&#8221; url=&#8221;http:\/\/mgcantu.it\/&#8221; align=&#8221;right&#8221; _builder_version=&#8221;3.0.89&#8243; max_width=&#8221;3%&#8221;][\/et_pb_image][\/et_pb_column][\/et_pb_row][\/et_pb_section]<\/p>\n","protected":false},"excerpt":{"rendered":"<p>[et_pb_section fb_built=&#8221;1&#8243; _builder_version=&#8221;3.0.89&#8243; background_image=&#8221;http:\/\/mgcantu.it\/wp-content\/uploads\/2017\/11\/header2-6.png&#8221; background_size=&#8221;initial&#8221; background_position=&#8221;top_left&#8221; custom_padding=&#8221;135px|0px|74px|0px&#8221;][\/et_pb_section][et_pb_section fb_built=&#8221;1&#8243; _builder_version=&#8221;3.0.89&#8243; custom_padding=&#8221;30px|0px|0px|0px&#8221;][et_pb_row custom_padding=&#8221;18px|0px|0px|0px&#8221; _builder_version=&#8221;3.0.89&#8243;][et_pb_column type=&#8221;4_4&#8243; _builder_version=&#8221;3.0.47&#8243; parallax=&#8221;off&#8221; parallax_method=&#8221;on&#8221;][et_pb_text _builder_version=&#8221;3.0.89&#8243;] DISBIOSI INTESTINALE\u00a0\u00a0 [\/et_pb_text][\/et_pb_column][\/et_pb_row][\/et_pb_section][et_pb_section fb_built=&#8221;1&#8243; _builder_version=&#8221;3.0.89&#8243; custom_padding=&#8221;0px|0px|3px|0px&#8221;][et_pb_row custom_padding=&#8221;107px|0px|50px|0px&#8221; _builder_version=&#8221;3.0.89&#8243; background_image=&#8221;http:\/\/mgcantu.it\/wp-content\/uploads\/2018\/12\/DisbiosiIntestinale.jpg&#8221;][et_pb_column type=&#8221;4_4&#8243; _builder_version=&#8221;3.0.47&#8243; parallax=&#8221;off&#8221; parallax_method=&#8221;on&#8221;][et_pb_text _builder_version=&#8221;3.0.89&#8243; parallax=&#8221;on&#8221;][\/et_pb_text][\/et_pb_column][\/et_pb_row][\/et_pb_section][et_pb_section fb_built=&#8221;1&#8243; _builder_version=&#8221;3.0.47&#8243; custom_padding=&#8221;0px|0px|0px|0px&#8221;][\/et_pb_section][et_pb_section fb_built=&#8221;1&#8243; _builder_version=&#8221;3.0.89&#8243; custom_padding=&#8221;3px|0px|41px|0px&#8221;][et_pb_row custom_padding=&#8221;6px|0px|18px|0px&#8221; _builder_version=&#8221;3.0.89&#8243; background_size=&#8221;initial&#8221; background_position=&#8221;top_left&#8221; background_repeat=&#8221;repeat&#8221;][et_pb_column type=&#8221;1_4&#8243; _builder_version=&#8221;3.0.47&#8243; parallax=&#8221;off&#8221; parallax_method=&#8221;on&#8221;][et_pb_text _builder_version=&#8221;3.0.89&#8243;] 03.2018 . MGStudio [\/et_pb_text][\/et_pb_column][et_pb_column type=&#8221;3_4&#8243; _builder_version=&#8221;3.0.47&#8243; parallax=&#8221;off&#8221; [&hellip;]<\/p>\n","protected":false},"author":1,"featured_media":0,"parent":0,"menu_order":0,"comment_status":"closed","ping_status":"closed","template":"","meta":[],"_links":{"self":[{"href":"https:\/\/mgcantu.it\/index.php?rest_route=\/wp\/v2\/pages\/1172"}],"collection":[{"href":"https:\/\/mgcantu.it\/index.php?rest_route=\/wp\/v2\/pages"}],"about":[{"href":"https:\/\/mgcantu.it\/index.php?rest_route=\/wp\/v2\/types\/page"}],"author":[{"embeddable":true,"href":"https:\/\/mgcantu.it\/index.php?rest_route=\/wp\/v2\/users\/1"}],"replies":[{"embeddable":true,"href":"https:\/\/mgcantu.it\/index.php?rest_route=%2Fwp%2Fv2%2Fcomments&post=1172"}],"version-history":[{"count":22,"href":"https:\/\/mgcantu.it\/index.php?rest_route=\/wp\/v2\/pages\/1172\/revisions"}],"predecessor-version":[{"id":1852,"href":"https:\/\/mgcantu.it\/index.php?rest_route=\/wp\/v2\/pages\/1172\/revisions\/1852"}],"wp:attachment":[{"href":"https:\/\/mgcantu.it\/index.php?rest_route=%2Fwp%2Fv2%2Fmedia&parent=1172"}],"curies":[{"name":"wp","href":"https:\/\/api.w.org\/{rel}","templated":true}]}}