{"id":1461,"date":"2018-12-30T20:45:30","date_gmt":"2018-12-30T19:45:30","guid":{"rendered":"http:\/\/mgcantu.it\/?page_id=1461"},"modified":"2018-12-31T23:31:47","modified_gmt":"2018-12-31T22:31:47","slug":"vogliamo-proporvi-soluzioni","status":"publish","type":"page","link":"https:\/\/mgcantu.it\/?page_id=1461","title":{"rendered":"Vogliamo proporvi soluzioni&#8230;"},"content":{"rendered":"<p>[et_pb_section fb_built=&#8221;1&#8243; _builder_version=&#8221;3.0.89&#8243; background_image=&#8221;http:\/\/mgcantu.it\/wp-content\/uploads\/2017\/11\/header2-6.png&#8221; background_size=&#8221;initial&#8221; background_position=&#8221;top_left&#8221; custom_padding=&#8221;135px|0px|74px|0px&#8221;][\/et_pb_section][et_pb_section fb_built=&#8221;1&#8243; _builder_version=&#8221;3.0.89&#8243; custom_padding=&#8221;30px|0px|0px|0px&#8221;][et_pb_row custom_padding=&#8221;18px|0px|0px|0px&#8221; _builder_version=&#8221;3.0.89&#8243;][et_pb_column type=&#8221;4_4&#8243; _builder_version=&#8221;3.0.47&#8243; parallax=&#8221;off&#8221; parallax_method=&#8221;on&#8221;][et_pb_text _builder_version=&#8221;3.0.89&#8243;]<\/p>\n<h2><strong>VOGLIAMO PROPORVI SOLUZIONI!\u00a0\u00a0<\/strong><\/h2>\n<p>\u00a0<\/p>\n<p>[\/et_pb_text][\/et_pb_column][\/et_pb_row][\/et_pb_section][et_pb_section fb_built=&#8221;1&#8243; _builder_version=&#8221;3.0.89&#8243; custom_padding=&#8221;0px|0px|5px|0px&#8221;][et_pb_row custom_padding=&#8221;55px|0px|68px|0px&#8221; _builder_version=&#8221;3.0.89&#8243; background_image=&#8221;http:\/\/mgcantu.it\/wp-content\/uploads\/2018\/12\/acidosi.png&#8221; module_alignment=&#8221;center&#8221;][et_pb_column type=&#8221;4_4&#8243; _builder_version=&#8221;3.0.47&#8243; parallax=&#8221;off&#8221; parallax_method=&#8221;on&#8221;][\/et_pb_column][\/et_pb_row][\/et_pb_section][et_pb_section fb_built=&#8221;1&#8243; _builder_version=&#8221;3.0.47&#8243; custom_padding=&#8221;0px|0px|5px|0px&#8221;][\/et_pb_section][et_pb_section fb_built=&#8221;1&#8243; _builder_version=&#8221;3.0.89&#8243; custom_padding=&#8221;3px|0px|28px|0px&#8221;][et_pb_row custom_padding=&#8221;6px|0px|18px|0px&#8221; _builder_version=&#8221;3.0.89&#8243; background_size=&#8221;initial&#8221; background_position=&#8221;top_left&#8221; background_repeat=&#8221;repeat&#8221;][et_pb_column type=&#8221;1_4&#8243; _builder_version=&#8221;3.0.47&#8243; parallax=&#8221;off&#8221; parallax_method=&#8221;on&#8221;][et_pb_text _builder_version=&#8221;3.0.89&#8243;]<\/p>\n<p style=\"text-align: right;\">09.2018 . <strong>MG<\/strong>Studio<\/p>\n<div class=\"my_text_box\"><\/div>\n<p class=\"description\">\n<p>[\/et_pb_text][\/et_pb_column][et_pb_column type=&#8221;3_4&#8243; _builder_version=&#8221;3.0.47&#8243; parallax=&#8221;off&#8221; parallax_method=&#8221;on&#8221;][et_pb_text _builder_version=&#8221;3.0.89&#8243;]<\/p>\n<p style=\"text-align: left;\"><span style=\"font-family: inherit; font-weight: normal;\">Intanto\u00a0<strong>l&#8217;ACIDOSI CRONICA<\/strong>\u00a0ci distrugge se non ci pensiamo&#8230; \u00a0Alterando una serie di metabolismi, di cui stanchezza e dolori diffusi sono un primo segno importante. All\u2019organismo non resta che cercare di metter da parte le sostanze ingombranti. lontano dai grandi flussi biologici, cio\u00e8 nel tessuto connettivo o negli organi cavi\u2026 E a questo punto di sovraccarico metabolico e di paralisi degli emuntori capite quanto \u00e8 facile per interferenti endocrini far impazzire ghiandole e ormoni? E capite perch\u00e8 <strong>nessuna terapia<\/strong>, nessuna, farmacologica o meno, che voglia semplicemente eliminare i sintomi o metterci in pari valori sugli esami del sangue, facendo una cosmesi degli ormoni o dell&#8217;emocromo, abbia una reale utilit\u00e0 di qualche tipo? Cos\u00ec nessuna terapia che non prenda in considerazione la detossificazione dell&#8217;organismo, degli emuntori e delle succitate sostanze, pu\u00f2 esserci davvero utile nel lungo periodo. Certo, se siamo in una fase acuta e senza forze, i farmaci [o una sostanza naturale] possono aiutarci a far fronte alle esigenze del momento, ma devono servire in modo temporaneo a darci la forza di fare altre scelte, pi\u00f9 sane, impegnative e risolutive!<\/span><\/p>\n<p style=\"text-align: left;\"><span style=\"font-family: inherit; font-weight: normal;\">Intanto puntate sempre alto, <strong>qualit\u00e0<\/strong> del cibo, delle creme, dei saponi, dei vestiti, delle pitture con cui dipingete la casa, dei mobili che acquistate, delle stoffe, delle ceramiche, delle pentole! Attenzione a tutti i contenitori del cibo&#8230; Le plastiche non ci aiutano in nessun modo: offrono una variet\u00e0 di problemi indescrivibile!<\/span><\/p>\n<p style=\"text-align: left;\"><span style=\"font-family: inherit; font-weight: normal;\">Fumo attivo e passivo fanno un gran danno, cos\u00ec come l&#8217;alcool. Zuccheri e farine raffinate, edulcoranti, passando per nitriti e nitrati nei salumi e gli estrogeni delle carni estere di bassa qualit\u00e0. Grande attenzione anche a scegliere costantemente alimenti coltivati o allevati biologicamente ci risparmier\u00e0 l&#8217;ingestione di inutili residui di sostanze tossiche. E poi una costante detossificazione \u00e8 ormai fondamentale per tutti, non possiamo permetterci di fare un paio di mesi intensivi all&#8217;anno e ripulirci fegato e coscienza: \u00e8 fondamentale che a cicli teniamo il nostro organismo ben pulito con tutti i mezzi di cui disponiamo.<\/span><\/p>\n<div class=\"my_text_box\">\n<p style=\"text-align: right;\"><span style=\"color: #009ece;\"><em>\u00a9 Dott.ssa MG Cant\u00f9<\/em><\/span><\/p>\n<\/div>\n<p class=\"description\">\n<p>[\/et_pb_text][\/et_pb_column][\/et_pb_row][\/et_pb_section][et_pb_section fb_built=&#8221;1&#8243; _builder_version=&#8221;3.0.89&#8243; custom_padding=&#8221;17px|0px|0px|0px&#8221;][et_pb_row custom_padding=&#8221;0px|0px|12px|0px&#8221; _builder_version=&#8221;3.0.89&#8243;][et_pb_column type=&#8221;4_4&#8243; _builder_version=&#8221;3.0.89&#8243; parallax=&#8221;off&#8221; parallax_method=&#8221;on&#8221;][et_pb_image src=&#8221;http:\/\/mgcantu.it\/wp-content\/uploads\/2018\/12\/homepage-2.png&#8221; url=&#8221;http:\/\/mgcantu.it\/&#8221; align=&#8221;right&#8221; _builder_version=&#8221;3.0.89&#8243; max_width=&#8221;3%&#8221;][\/et_pb_image][\/et_pb_column][\/et_pb_row][\/et_pb_section]<\/p>\n","protected":false},"excerpt":{"rendered":"<p>[et_pb_section fb_built=&#8221;1&#8243; _builder_version=&#8221;3.0.89&#8243; background_image=&#8221;http:\/\/mgcantu.it\/wp-content\/uploads\/2017\/11\/header2-6.png&#8221; background_size=&#8221;initial&#8221; background_position=&#8221;top_left&#8221; custom_padding=&#8221;135px|0px|74px|0px&#8221;][\/et_pb_section][et_pb_section fb_built=&#8221;1&#8243; _builder_version=&#8221;3.0.89&#8243; custom_padding=&#8221;30px|0px|0px|0px&#8221;][et_pb_row custom_padding=&#8221;18px|0px|0px|0px&#8221; _builder_version=&#8221;3.0.89&#8243;][et_pb_column type=&#8221;4_4&#8243; _builder_version=&#8221;3.0.47&#8243; parallax=&#8221;off&#8221; parallax_method=&#8221;on&#8221;][et_pb_text _builder_version=&#8221;3.0.89&#8243;] VOGLIAMO PROPORVI SOLUZIONI!\u00a0\u00a0 \u00a0 [\/et_pb_text][\/et_pb_column][\/et_pb_row][\/et_pb_section][et_pb_section fb_built=&#8221;1&#8243; _builder_version=&#8221;3.0.89&#8243; custom_padding=&#8221;0px|0px|5px|0px&#8221;][et_pb_row custom_padding=&#8221;55px|0px|68px|0px&#8221; _builder_version=&#8221;3.0.89&#8243; background_image=&#8221;http:\/\/mgcantu.it\/wp-content\/uploads\/2018\/12\/acidosi.png&#8221; module_alignment=&#8221;center&#8221;][et_pb_column type=&#8221;4_4&#8243; _builder_version=&#8221;3.0.47&#8243; parallax=&#8221;off&#8221; parallax_method=&#8221;on&#8221;][\/et_pb_column][\/et_pb_row][\/et_pb_section][et_pb_section fb_built=&#8221;1&#8243; _builder_version=&#8221;3.0.47&#8243; custom_padding=&#8221;0px|0px|5px|0px&#8221;][\/et_pb_section][et_pb_section fb_built=&#8221;1&#8243; _builder_version=&#8221;3.0.89&#8243; custom_padding=&#8221;3px|0px|28px|0px&#8221;][et_pb_row custom_padding=&#8221;6px|0px|18px|0px&#8221; _builder_version=&#8221;3.0.89&#8243; background_size=&#8221;initial&#8221; background_position=&#8221;top_left&#8221; background_repeat=&#8221;repeat&#8221;][et_pb_column type=&#8221;1_4&#8243; _builder_version=&#8221;3.0.47&#8243; parallax=&#8221;off&#8221; parallax_method=&#8221;on&#8221;][et_pb_text _builder_version=&#8221;3.0.89&#8243;] 09.2018 . MGStudio [\/et_pb_text][\/et_pb_column][et_pb_column type=&#8221;3_4&#8243; _builder_version=&#8221;3.0.47&#8243; [&hellip;]<\/p>\n","protected":false},"author":1,"featured_media":0,"parent":0,"menu_order":0,"comment_status":"closed","ping_status":"closed","template":"","meta":[],"_links":{"self":[{"href":"https:\/\/mgcantu.it\/index.php?rest_route=\/wp\/v2\/pages\/1461"}],"collection":[{"href":"https:\/\/mgcantu.it\/index.php?rest_route=\/wp\/v2\/pages"}],"about":[{"href":"https:\/\/mgcantu.it\/index.php?rest_route=\/wp\/v2\/types\/page"}],"author":[{"embeddable":true,"href":"https:\/\/mgcantu.it\/index.php?rest_route=\/wp\/v2\/users\/1"}],"replies":[{"embeddable":true,"href":"https:\/\/mgcantu.it\/index.php?rest_route=%2Fwp%2Fv2%2Fcomments&post=1461"}],"version-history":[{"count":11,"href":"https:\/\/mgcantu.it\/index.php?rest_route=\/wp\/v2\/pages\/1461\/revisions"}],"predecessor-version":[{"id":1681,"href":"https:\/\/mgcantu.it\/index.php?rest_route=\/wp\/v2\/pages\/1461\/revisions\/1681"}],"wp:attachment":[{"href":"https:\/\/mgcantu.it\/index.php?rest_route=%2Fwp%2Fv2%2Fmedia&parent=1461"}],"curies":[{"name":"wp","href":"https:\/\/api.w.org\/{rel}","templated":true}]}}