{"id":1792,"date":"2019-01-01T17:49:07","date_gmt":"2019-01-01T16:49:07","guid":{"rendered":"http:\/\/mgcantu.it\/?page_id=1792"},"modified":"2019-01-01T20:26:29","modified_gmt":"2019-01-01T19:26:29","slug":"alimentazione","status":"publish","type":"page","link":"https:\/\/mgcantu.it\/?page_id=1792","title":{"rendered":"ALIMENTAZIONE"},"content":{"rendered":"<p>[et_pb_section fb_built=&#8221;1&#8243; _builder_version=&#8221;3.0.89&#8243; background_image=&#8221;http:\/\/mgcantu.it\/wp-content\/uploads\/2017\/11\/header2-6.png&#8221; background_size=&#8221;initial&#8221; background_position=&#8221;top_left&#8221; custom_padding=&#8221;135px|0px|101px|0px&#8221;][\/et_pb_section][et_pb_section fb_built=&#8221;1&#8243; _builder_version=&#8221;3.0.89&#8243; custom_padding=&#8221;0px|0px|0px|0px&#8221;][et_pb_row custom_padding=&#8221;0px|0px|2px|0px&#8221; _builder_version=&#8221;3.0.89&#8243;][et_pb_column type=&#8221;4_4&#8243; _builder_version=&#8221;3.0.47&#8243; parallax=&#8221;off&#8221; parallax_method=&#8221;on&#8221;][\/et_pb_column][\/et_pb_row][\/et_pb_section][et_pb_section fb_built=&#8221;1&#8243; _builder_version=&#8221;3.0.89&#8243; custom_padding=&#8221;10px|0px|0px|0px&#8221;][et_pb_row custom_padding=&#8221;50px|0px|0px|0px&#8221; _builder_version=&#8221;3.0.89&#8243;][et_pb_column type=&#8221;4_4&#8243; _builder_version=&#8221;3.0.47&#8243; parallax=&#8221;off&#8221; parallax_method=&#8221;on&#8221;][et_pb_text _builder_version=&#8221;3.0.89&#8243;]<\/p>\n<h1 style=\"text-align: right;\"><span style=\"color: rgba(51, 51, 51, 0.6);\"><strong>ALIMENTAZIONE<\/strong><\/span><\/h1>\n<p>[\/et_pb_text][\/et_pb_column][\/et_pb_row][\/et_pb_section][et_pb_section fb_built=&#8221;1&#8243; admin_label=&#8221;section&#8221; _builder_version=&#8221;3.0.89&#8243; background_size=&#8221;initial&#8221; background_position=&#8221;top_left&#8221; custom_padding=&#8221;0px|0px|33px|0px&#8221;][et_pb_row use_custom_width=&#8221;on&#8221; custom_width_px=&#8221;1200px&#8221; custom_padding=&#8221;0px|0px|0px|0px&#8221; _builder_version=&#8221;3.0.89&#8243; module_alignment=&#8221;center&#8221;][et_pb_column type=&#8221;1_4&#8243; _builder_version=&#8221;3.0.47&#8243; parallax=&#8221;off&#8221; parallax_method=&#8221;on&#8221;][et_pb_text _builder_version=&#8221;3.0.89&#8243;]<\/p>\n<h3 style=\"text-align: left;\"><\/h3>\n<h3 style=\"text-align: left;\"><\/h3>\n<h3 style=\"text-align: left;\"><\/h3>\n<h3 style=\"text-align: left;\"><\/h3>\n<h3 style=\"text-align: left;\"><\/h3>\n<h3 style=\"text-align: left;\"><\/h3>\n<h3 style=\"text-align: left;\"><\/h3>\n<h3 style=\"text-align: left;\"><\/h3>\n<h3 style=\"text-align: left;\"><\/h3>\n<h3 style=\"text-align: left;\"><\/h3>\n<h3 style=\"text-align: left;\"><\/h3>\n<h3 style=\"text-align: left;\"><\/h3>\n<h3 style=\"text-align: left;\"><\/h3>\n<h3 style=\"text-align: left;\"><\/h3>\n<p>&nbsp;<\/p>\n<h3 style=\"text-align: left;\"><\/h3>\n<h3 style=\"text-align: left;\"><\/h3>\n<p>&nbsp;<\/p>\n<h3 style=\"text-align: left;\"><span style=\"color: rgba(51, 51, 51, 0.45);\"><strong>&#8230;&#8217;alimentum&#8217; = nutrire<\/strong><\/span><\/h3>\n<p>[\/et_pb_text][\/et_pb_column][et_pb_column type=&#8221;3_4&#8243; _builder_version=&#8221;3.0.47&#8243; parallax=&#8221;off&#8221; parallax_method=&#8221;on&#8221;][et_pb_image src=&#8221;http:\/\/mgcantu.it\/wp-content\/uploads\/2019\/01\/alimentazione-1.png&#8221; _builder_version=&#8221;3.0.89&#8243;][\/et_pb_image][\/et_pb_column][\/et_pb_row][et_pb_row custom_padding=&#8221;77px|0px|21px|0px&#8221; admin_label=&#8221;row&#8221; _builder_version=&#8221;3.0.89&#8243; background_size=&#8221;initial&#8221; background_position=&#8221;top_left&#8221; background_repeat=&#8221;repeat&#8221;][et_pb_column type=&#8221;1_4&#8243; _builder_version=&#8221;3.0.47&#8243; parallax=&#8221;off&#8221; parallax_method=&#8221;on&#8221;][et_pb_text _builder_version=&#8221;3.0.89&#8243;]<\/p>\n<p>&nbsp;<\/p>\n<p>&nbsp;<\/p>\n<p>&nbsp;<\/p>\n<p>&nbsp;<\/p>\n<p>&nbsp;<\/p>\n<p>&nbsp;<\/p>\n<p>&nbsp;<\/p>\n<p>&nbsp;<\/p>\n<p>&nbsp;<\/p>\n<p>&nbsp;<\/p>\n<p>&nbsp;<\/p>\n<p>&nbsp;<\/p>\n<p>&nbsp;<\/p>\n<p>&nbsp;<\/p>\n<p>&nbsp;<\/p>\n<p>&nbsp;<\/p>\n<p>&nbsp;<\/p>\n<p><img loading=\"lazy\" src=\"http:\/\/mgcantu.it\/wp-content\/uploads\/2019\/01\/piattosalute.png\" width=\"323\" height=\"420\" alt=\"\" class=\"wp-image-1808 alignnone size-full\" \/><\/p>\n<p>[\/et_pb_text][\/et_pb_column][et_pb_column type=&#8221;3_4&#8243; _builder_version=&#8221;3.0.47&#8243; parallax=&#8221;off&#8221; parallax_method=&#8221;on&#8221;][et_pb_text _builder_version=&#8221;3.0.89&#8243; text_line_height=&#8221;1.8em&#8221;]<\/p>\n<p><span style=\"font-size: 15px;\">Mi piace ricordare che <\/span><strong style=\"font-size: 15px;\">\u201calimentum\u201d<\/strong><span style=\"font-size: 15px;\"> significa nutrire , non solo il corpo , ma anche l\u2019anima e soprattutto che sottointende il somministrare non soltanto a se\u2019 , ma anche ad altri sostanze necessarie per la salute e per il benessere di anima e corpo.<\/span><\/p>\n<p>\u201cHo una sola passione nella vita cucinare\u201d Cos\u00ec scrive Virginia Woolf in una lettera a Vita Sackville-West, nel 1929. Cos\u00ec potrebbero dire centinaia di donne del passato e del presente perch\u00e9, volenti o nolenti, le donne, che alimentano la vita con l&#8217;allattamento prima e il lavoro in cucina poi, hanno sempre avuto un rapporto privilegiato con il cibo. L\u2019alimentazione dedicata alle donne e\u2019 quindi la partenza del mio discorso.<\/p>\n<p>La gestione del cibo \u00e8 tradizionalmente legata al lavoro delle donne che sappiamo essere le prime a fornire nutrimento e le conoscenze alimentari appartengono da sempre alle competenze femminili: non solo in rapporto alle pratiche culinarie-gastronomiche del mangiare quotidiano, ma anche in relazione alla conoscenza e all\u2019uso dei cibi per preservare la salute e guarire le malattie. Questa particolare capacit\u00e0 delle donne nell\u2019impiego del cibo e\u2019 cambiata negli ultimi decenni. I cambiamenti socio-economici hanno trasformato il tradizionale ruolo della donna che cucina sempre meno in famiglia e le trasformazioni antropologico-sanitarie hanno fornito nuove consapevolezze: come donna ha un\u2019immagine diversa del suo corpo che ha mutato il suo rapporto col cibo, nei diversi momenti della vita (dall\u2019adolescenza alla maturit\u00e0) e in relazione ai (pre)giudizi sul cibo e agli stereotipi alimentari; come madre coglie con sempre maggiore consapevolezza l\u2019importanza dell\u2019educazione alimentare per un sano uso dei cibi.<\/p>\n<p>Iniziamo perci\u00f2 da&#8230;<\/p>\n<p>L&#8217;alimentazione della <strong>BAMBINA <\/strong>deve essere ricca di alimenti che apportino proteine ad alto contenuto biologico per favorire una crescita armonica. L&#8217;apporto lipidico deve essere contenuto, quello glucidico meno per il rapido consumo dovuto al dinamismo della vita dei bambini tra 3 e 6 anni.\u00a0<strong>E&#8217; in questa fascia d&#8217;et\u00e0 che dovrebbe iniziare l&#8217;educazione ad una corretta alimentazione.\u00a0<\/strong>La scolarizzazione ma anche l&#8217;influenza dei mass media e dei modelli alimentari familiari imprimono dei tratti che sar\u00e0 poi difficile modificare.<\/p>\n<p>L&#8217;<strong>ADOLESCENTE <\/strong>dovrebbe seguire un&#8217;alimentazione equilibrata sia nell&#8217;assunzione di proteine sia di grassi di origine animale e vegetale. Le richieste energetiche dovrebbero essere coperte dai glucidi, preferibilmente complessi. Le richieste degli adolescenti sono molto simili a quelle degli adulti nelle percentuali, ma presentano bisogni aggiuntivi per i problemi relativi all&#8217;accrescimento. \u2028Se i rapporti tra i diversi nutrienti non dovessero essere soddisfacenti, lo sviluppo dell&#8217;individuo potrebbe essere condizionato anche in modo irreversibile. \u2028 Il <strong>calcio <\/strong>\u00e8 molto importante per sostenere la calcificazione delle ossa lunghe\u2028il <strong>ferro <\/strong>per sostenere l\u2019aumento della massa degli eritrociti.Il comportamento dei compagni e la reclamizzazione di certi prodotti, costituiscono una forte influenza sulle abitudini alimentari, spesso negativa.<\/p>\n<p>L\u2019et\u00e0 adolescenziale \u00e8 tuttavia la pi\u00f9 vulnerabile a seri disordini alimentari quali la bulimia e l\u2019anoressia. Tra gli adolescenti, l\u2019anemia dovuta a carenza di ferro \u00e8 una delle pi\u00f9 diffuse malattie da carenza di origine alimentare. \u2028Gli adolescenti sono particolarmente soggetti all\u2019anemia dovuta a carenza di ferro a causa dell\u2019incremento del volume del sangue e della massa muscolare durante la crescita e lo sviluppo. Tale incremento \u00e8 pi\u00f9 importante negli adolescenti maschi che nelle femmine. \u2028Altri fattori che contribuiscono ad incrementare la necessit\u00e0 di ferro sono l\u2019aumento del peso corporeo e l\u2019inizio delle mestruazioni per le ragazze. \u2028Una delle pi\u00f9 importanti indicazioni dietetiche nella fase adolescenziale \u00e8 l\u2019incremento del consumo di alimenti ricchi di ferro, quali carni magre e pesce, legumi, vegetali di colore verde scuro, noci, cereali arricchiti di ferro e altri semi. \u2028Il ferro contenuto negli alimenti di origine animale (ferro eme) viene assorbito molto meglio di quello proveniente da fonti non animali (ferro non-eme). Gli adolescenti che seguono una dieta vegetariana sono quindi pi\u00f9 esposti al rischio di carenza di ferro. Tuttavia, la <strong>vitamina C <\/strong>(agrume) e le <strong>proteine animali <\/strong>(carne e pesce) favoriscono l\u2019assorbimento del ferro da fonte vegetale.<\/p>\n<blockquote>\n<p><strong>Il calcio:<\/strong> lo scheletro racchiude almeno il 99% delle riserve corporee di calcio e l\u2019aumento di peso scheletrico \u00e8 al culmine durante il picco di crescita dell\u2019adolescenza. Il 45% circa della massa scheletrica dell\u2019adulto si forma durante l\u2019adolescenza, anche se la crescita prosegue ben oltre tale periodo, quasi fino a trent\u2019anni. Tutto il calcio necessario per la crescita dello scheletro deve provenire dalla dieta. Gli incrementi maggiori si verificano nella prima adolescenza: tra i 10 e i 14 anni nelle femmine e tra i 12 e i 16 nei maschi. \u2028\u00a0L\u2019efficienza nell\u2019assorbimento di calcio \u00e8 soltanto del 30% circa, quindi \u00e8 importante che la dieta fornisca un adeguato apporto di calcio per raggiungere la maggior densit\u00e0 ossea possibile. Raggiungere il picco di massa ossea nell\u2019infanzia e nell\u2019adolescenza \u00e8 cruciale per ridurre il rischio di osteoporosi negli anni successivi. Anche l\u2019attivit\u00e0 fisica \u00e8 essenziale, in particolare gli esercizi con pesi, che forniscono lo stimolo necessario per formare e trattenere nel corpo il tessuto osseo.<\/p>\n<\/blockquote>\n<p>L&#8217;<strong>ADULTA <\/strong>dovrebbe osservare un regime di mantenimento. Il fabbisogno energetico giornaliero \u00e8 costituito dalla somma dell&#8217;energia necessaria al mantenimento in vita dell&#8217;organismo (metabolismo basale) e di quella richiesta dalle funzioni connesse alla digestione, all&#8217;attivit\u00e0 lavorativa, alle condizioni ambientali, diverse negli uomini e nelle donne. Idealmente, i grassi dovrebbero essere costituiti prevalentemente da <strong>acidi grassi insaturi <\/strong>ed i <strong>carboidrati <\/strong>dovrebbero essere principalmente <strong>complessi <\/strong>(amidi), anzich\u00e9 zuccheri semplici e \u00a0dovrebbe includere un\u2019adeguata quota di <strong>fibre alimentari<\/strong>. Il fabbisogno calorico totale \u00e8 variabile a seconda del tipo e dall\u2019entit\u00e0 di attivit\u00e0 fisica svolta (lavoro, sport, hobby).<\/p>\n<p>L&#8217;<strong>ANZIANA <\/strong>deve tenere conto sia delle modificazioni funzionali, sia della presenza di patologie legate all&#8217;et\u00e0. Per far fronte alle richieste giornaliere dovrebbe consumare una dieta qualitativamente equilibrata ma con una diminuzione dell&#8217;apporto calorico complessivo. Nella fascia di et\u00e0 compresa tra 60 e 70 anni, l&#8217;apporto energetico dovrebbe diminuire del 20%; per et\u00e0 superiori a 70 anni di un ulteriore 30%.<\/p>\n<p><strong>Dopo questa premessa qual\u2019e\u2019 il regime alimentare piu\u2019 idoneo per ogni eta\u2019 della vita?<\/strong><\/p>\n<p style=\"text-align: right;\"><span style=\"color: #009ece;\"><em>\u00a9 Dott.ssa MG Cant\u00f9<\/em><\/span><\/p>\n<p>[\/et_pb_text][\/et_pb_column][\/et_pb_row][\/et_pb_section][et_pb_section fb_built=&#8221;1&#8243; _builder_version=&#8221;3.0.89&#8243; custom_padding=&#8221;12px|0px|0px|0px&#8221;][et_pb_row custom_padding=&#8221;0px|0px|7px|0px&#8221; _builder_version=&#8221;3.0.89&#8243;][et_pb_column type=&#8221;4_4&#8243; _builder_version=&#8221;3.0.47&#8243; parallax=&#8221;off&#8221; parallax_method=&#8221;on&#8221;][et_pb_image src=&#8221;http:\/\/mgcantu.it\/wp-content\/uploads\/2018\/12\/homepage-2.png&#8221; url=&#8221;http:\/\/mgcantu.it\/&#8221; align=&#8221;right&#8221; _builder_version=&#8221;3.0.89&#8243; max_width=&#8221;3%&#8221;][\/et_pb_image][\/et_pb_column][\/et_pb_row][\/et_pb_section][et_pb_section fb_built=&#8221;1&#8243; _builder_version=&#8221;3.0.89&#8243; custom_padding=&#8221;0px|0px|10px|0px&#8221;][et_pb_row custom_padding=&#8221;9px|0px|0px|0px&#8221; _builder_version=&#8221;3.0.89&#8243;][et_pb_column type=&#8221;4_4&#8243; _builder_version=&#8221;3.0.47&#8243; parallax=&#8221;off&#8221; parallax_method=&#8221;on&#8221;][et_pb_text _builder_version=&#8221;3.0.89&#8243; header_font=&#8221;||||||||&#8221; border_color_all=&#8221;rgba(216,216,216,0.54)&#8221; border_width_top=&#8221;1px&#8221; border_color_top=&#8221;rgba(181,181,181,0.6)&#8221;]<\/p>\n<p style=\"text-align: center;\"><a title=\"GINECOLOGIA\" href=\"http:\/\/mgcantu.it\/?page_id=629\"><img loading=\"lazy\" class=\"wp-image-563 alignnone size-thumbnail\" src=\"http:\/\/mgcantu.it\/wp-content\/uploads\/2017\/11\/ginecologia-160x160.png\" alt=\"\" width=\"100\" height=\"89\" \/><\/a>\u00a0 \u00a0 \u00a0 \u00a0 \u00a0<a href=\"http:\/\/mgcantu.it\/?page_id=1580\" target=\"_blank\" rel=\"noopener noreferrer\"><img loading=\"lazy\" class=\"wp-image-558 alignnone size-thumbnail\" src=\"http:\/\/mgcantu.it\/wp-content\/uploads\/2017\/11\/gravida-2-160x160.png\" alt=\"\" width=\"101\" height=\"101\" srcset=\"https:\/\/mgcantu.it\/wp-content\/uploads\/2017\/11\/gravida-2-160x160.png 160w, https:\/\/mgcantu.it\/wp-content\/uploads\/2017\/11\/gravida-2.png 500w\" sizes=\"(max-width: 101px) 100vw, 101px\" \/><\/a>\u00a0 \u00a0 \u00a0 \u00a0 \u00a0<img loading=\"lazy\" class=\"wp-image-624 alignnone size-thumbnail\" src=\"http:\/\/mgcantu.it\/wp-content\/uploads\/2017\/11\/PSICOLOG-1-160x160.png\" alt=\"\" width=\"101\" height=\"101\" \/>\u00a0 \u00a0 \u00a0\u00a0<img loading=\"lazy\" class=\"wp-image-592 alignnone size-thumbnail\" src=\"http:\/\/mgcantu.it\/wp-content\/uploads\/2017\/11\/MEDNAT-160x160.png\" alt=\"\" width=\"101\" height=\"101\" \/>\u00a0 \u00a0 \u00a0 \u00a0<a href=\"http:\/\/mgcantu.it\/?page_id=1729\" target=\"_blank\" rel=\"noopener noreferrer\"><img loading=\"lazy\" class=\"wp-image-591 alignnone size-thumbnail\" src=\"http:\/\/mgcantu.it\/wp-content\/uploads\/2017\/11\/CAROT-160x160.png\" alt=\"\" width=\"100\" height=\"100\" \/><\/a>\u00a0 \u00a0 \u00a0 \u00a0\u00a0<img loading=\"lazy\" class=\"wp-image-566 alignnone size-thumbnail\" src=\"http:\/\/mgcantu.it\/wp-content\/uploads\/2017\/11\/pnei-160x160.png\" alt=\"\" width=\"101\" height=\"101\" srcset=\"https:\/\/mgcantu.it\/wp-content\/uploads\/2017\/11\/pnei-160x160.png 160w, https:\/\/mgcantu.it\/wp-content\/uploads\/2017\/11\/pnei.png 509w\" sizes=\"(max-width: 101px) 100vw, 101px\" \/><\/p>\n<p>[\/et_pb_text][\/et_pb_column][\/et_pb_row][\/et_pb_section]<\/p>\n","protected":false},"excerpt":{"rendered":"<p>[et_pb_section fb_built=&#8221;1&#8243; _builder_version=&#8221;3.0.89&#8243; background_image=&#8221;http:\/\/mgcantu.it\/wp-content\/uploads\/2017\/11\/header2-6.png&#8221; background_size=&#8221;initial&#8221; background_position=&#8221;top_left&#8221; custom_padding=&#8221;135px|0px|101px|0px&#8221;][\/et_pb_section][et_pb_section fb_built=&#8221;1&#8243; _builder_version=&#8221;3.0.89&#8243; custom_padding=&#8221;0px|0px|0px|0px&#8221;][et_pb_row custom_padding=&#8221;0px|0px|2px|0px&#8221; _builder_version=&#8221;3.0.89&#8243;][et_pb_column type=&#8221;4_4&#8243; _builder_version=&#8221;3.0.47&#8243; parallax=&#8221;off&#8221; parallax_method=&#8221;on&#8221;][\/et_pb_column][\/et_pb_row][\/et_pb_section][et_pb_section fb_built=&#8221;1&#8243; _builder_version=&#8221;3.0.89&#8243; custom_padding=&#8221;10px|0px|0px|0px&#8221;][et_pb_row custom_padding=&#8221;50px|0px|0px|0px&#8221; _builder_version=&#8221;3.0.89&#8243;][et_pb_column type=&#8221;4_4&#8243; _builder_version=&#8221;3.0.47&#8243; parallax=&#8221;off&#8221; parallax_method=&#8221;on&#8221;][et_pb_text _builder_version=&#8221;3.0.89&#8243;] ALIMENTAZIONE [\/et_pb_text][\/et_pb_column][\/et_pb_row][\/et_pb_section][et_pb_section fb_built=&#8221;1&#8243; admin_label=&#8221;section&#8221; _builder_version=&#8221;3.0.89&#8243; background_size=&#8221;initial&#8221; background_position=&#8221;top_left&#8221; custom_padding=&#8221;0px|0px|33px|0px&#8221;][et_pb_row use_custom_width=&#8221;on&#8221; custom_width_px=&#8221;1200px&#8221; custom_padding=&#8221;0px|0px|0px|0px&#8221; _builder_version=&#8221;3.0.89&#8243; module_alignment=&#8221;center&#8221;][et_pb_column type=&#8221;1_4&#8243; _builder_version=&#8221;3.0.47&#8243; parallax=&#8221;off&#8221; parallax_method=&#8221;on&#8221;][et_pb_text _builder_version=&#8221;3.0.89&#8243;] &nbsp; &nbsp; &#8230;&#8217;alimentum&#8217; = nutrire [\/et_pb_text][\/et_pb_column][et_pb_column type=&#8221;3_4&#8243; _builder_version=&#8221;3.0.47&#8243; parallax=&#8221;off&#8221; parallax_method=&#8221;on&#8221;][et_pb_image src=&#8221;http:\/\/mgcantu.it\/wp-content\/uploads\/2019\/01\/alimentazione-1.png&#8221; [&hellip;]<\/p>\n","protected":false},"author":1,"featured_media":0,"parent":0,"menu_order":0,"comment_status":"closed","ping_status":"closed","template":"","meta":[],"_links":{"self":[{"href":"https:\/\/mgcantu.it\/index.php?rest_route=\/wp\/v2\/pages\/1792"}],"collection":[{"href":"https:\/\/mgcantu.it\/index.php?rest_route=\/wp\/v2\/pages"}],"about":[{"href":"https:\/\/mgcantu.it\/index.php?rest_route=\/wp\/v2\/types\/page"}],"author":[{"embeddable":true,"href":"https:\/\/mgcantu.it\/index.php?rest_route=\/wp\/v2\/users\/1"}],"replies":[{"embeddable":true,"href":"https:\/\/mgcantu.it\/index.php?rest_route=%2Fwp%2Fv2%2Fcomments&post=1792"}],"version-history":[{"count":7,"href":"https:\/\/mgcantu.it\/index.php?rest_route=\/wp\/v2\/pages\/1792\/revisions"}],"predecessor-version":[{"id":1846,"href":"https:\/\/mgcantu.it\/index.php?rest_route=\/wp\/v2\/pages\/1792\/revisions\/1846"}],"wp:attachment":[{"href":"https:\/\/mgcantu.it\/index.php?rest_route=%2Fwp%2Fv2%2Fmedia&parent=1792"}],"curies":[{"name":"wp","href":"https:\/\/api.w.org\/{rel}","templated":true}]}}