{"id":28,"date":"2017-08-17T16:01:50","date_gmt":"2017-08-17T14:01:50","guid":{"rendered":"http:\/\/mgcantu.it\/?page_id=28"},"modified":"2020-05-03T09:49:22","modified_gmt":"2020-05-03T07:49:22","slug":"chi-sono","status":"publish","type":"page","link":"https:\/\/mgcantu.it\/?page_id=28","title":{"rendered":"CHI SONO"},"content":{"rendered":"<p>[et_pb_section fb_built=&#8221;1&#8243; admin_label=&#8221;section&#8221; _builder_version=&#8221;3.0.47&#8243; custom_padding=&#8221;5px|0px|0px|0px&#8221;][et_pb_row custom_padding=&#8221;28px|0px|5px|0px&#8221; admin_label=&#8221;row&#8221; _builder_version=&#8221;3.0.47&#8243; background_size=&#8221;initial&#8221; background_position=&#8221;top_left&#8221; background_repeat=&#8221;repeat&#8221;][et_pb_column type=&#8221;1_3&#8243; _builder_version=&#8221;3.0.47&#8243; parallax=&#8221;off&#8221; parallax_method=&#8221;on&#8221;][et_pb_image src=&#8221;http:\/\/mgcantu.it\/wp-content\/uploads\/2018\/03\/56571e23-b6cc-4016-aaee-3ef3d175a951-1.jpg&#8221; _builder_version=&#8221;3.0.89&#8243; custom_margin=&#8221;5px|||&#8221;][\/et_pb_image][\/et_pb_column][et_pb_column type=&#8221;2_3&#8243; _builder_version=&#8221;3.0.47&#8243; parallax=&#8221;off&#8221; parallax_method=&#8221;on&#8221;][et_pb_text _builder_version=&#8221;3.0.89&#8243; inline_fonts=&#8221;PT Sans Narrow&#8221; text_font=&#8221;||||||||&#8221; text_letter_spacing=&#8221;1px&#8221;]<\/p>\n<h3><span style=\"color: #1d7694; font-family: 'PT Sans Narrow'; font-weight: normal;\"><strong>MI PRESENTO<\/strong><\/span><\/h3>\n<p>Sono la <strong>Dottoressa Maria Grazia Cant\u00f9<\/strong>. Mi sono laureata nel 1993 in Medicina e Chirurgia con pieni voti assoluti e lode e, dopo aver incontrato ed ascoltato il mio primario durante una lezione di anatomia sull\u2019apparato genitale femminile, ho deciso che l\u2019organo pi\u00f9 affascinante e straordinario del nostro corpo \u00e8 proprio l\u2019UTERO; contenitore della vita ed organo dell\u2019accoglienza. Questo incont<span style=\"font-family: inherit;\">ro ha guidato la mia scelta successiva, ovvero quella di iscrivermi alla specialit\u00e0 in Ostetricia e Ginecologia. Ho ottenuto nel 1998 il diploma con pieni voti assoluti e lode, e da l\u00ec \u00e8 iniziato il mio percorso attraverso la scoperta, la conoscenza e lo studio sempre pi\u00f9 profondo e appassionato di tutto ci\u00f2 che riguarda gli organi genitali femminili.<\/span><\/p>\n<p><span style=\"font-family: inherit;\">Inizialmente, e poi per quasi 18 anni, mi sono dedicata allo studio, alla cura e alla comprensione dell\u2019origine dei tumori genitali; prima di quelli dell\u2019infanzia e poi dell\u2019et\u00e0 adulta. E\u2019 stato proprio l\u2019incontro con la malattia e la sofferenza, ma anche con la sua cura, che hanno incuriosita sempre pi\u00f9 la mia ricerca ed il desiderio di capire quale potesse esserne la causa; proprio partendo dall\u2019osservazione di un tessuto origine di vita da cui, improvvisamente, si sprigiona la morte.<\/span><\/p>\n<p>La mia laurea in psicologia, inoltre, mi ha aiutata ad entrare in quel mondo, sconosciuto a molti, dell\u2019animo femminile: animo capace di somatizzare un trauma cos\u00ec profondamente e senza pi\u00f9 staccarsene, da diventarne inconsapevolmente, e per una peculiare sensibilit\u00e0 tipicamente femminile che ci accomuna, causa di malattia.<\/p>\n<p>La mia volont\u00e0 di accompagnare la donna nei passi della cura e nella conoscenza del metodo pi\u00f9 idoneo per stare bene, attraverso non solo la terapia medica convenzionale, ma anche lo stile di vita, l\u2019amore per s\u00e9 e per il proprio IO, mi hanno fatta avvicinare al mondo delle terapie mediche integrate; mi sono cos\u00ec laureata in Omeopatia e Omotossicologia, con lode, e specializzata in quel ramo della psiconeuroendocrinoimmunologia o PNEI, in cui l\u2019uomo \u00e8 rappresentato come un insieme complesso in cui mente, corpo e cervello costituiscono un tutt\u2019uno integrato. Qui l\u2019influenza dei fattori relazionali intensi e difficili da elaborare, possono innescare un meccanismo di risposta disfunzionale allo stress, con un successivo indebolimento immunitario dell\u2019organismo, tale da esporlo a malattie.<\/p>\n<p>Tanti anni trascorsi in ambito ospedaliero, in un centro di riferimento come l\u2019Ospedale San Gerardo di Monza, dove lavoro dal 1991 prima come specializzanda e poi come dirigente medico, con la sua scuola di Ostetricia e Ginecologia che \u00e8 tra le pi\u00f9 importanti nel nostro paese e, con un\u2019esperienza di due anni all\u2019Istituto Europeo di Oncologia (IEO) per la cura dei tumori femminili, mi hanno fatto capire che la curiosit\u00e0 e l\u2019impegno devono essere sempre il nutrimento essenziale di ogni medico.<\/p>\n<p>E in me rimarr\u00e0 sempre quella frase detta da uno dei miei maestri:\u00a0\u00a0<strong>\u201cL\u2019amore resta sempre la prima cura\u201d\u00a0<\/strong><span>\u2026e questo ha colorato il mio essere medico ed \u00e8 sempre il cuore di ogni mia giornata.<\/span><\/p>\n<p><span><\/span><\/p>\n<p style=\"text-align: right;\"><span style=\"color: #009ece;\"><em>\u00a9 Dott.ssa MG Cant\u00f9<\/em><\/span><\/p>\n<p>[\/et_pb_text][\/et_pb_column][\/et_pb_row][et_pb_row custom_padding=&#8221;41px|0px|16px|0px&#8221; _builder_version=&#8221;3.0.47&#8243; background_size=&#8221;initial&#8221; background_position=&#8221;top_left&#8221; background_repeat=&#8221;repeat&#8221;][et_pb_column type=&#8221;4_4&#8243; _builder_version=&#8221;3.0.47&#8243; parallax=&#8221;off&#8221; parallax_method=&#8221;on&#8221;][et_pb_image _builder_version=&#8221;3.0.89&#8243;][\/et_pb_image][\/et_pb_column][\/et_pb_row][\/et_pb_section][et_pb_section fb_built=&#8221;1&#8243; _builder_version=&#8221;3.0.89&#8243; custom_padding=&#8221;4px|0px|4px|0px&#8221;][et_pb_row custom_padding=&#8221;0px|0px|21px|0px&#8221; _builder_version=&#8221;3.0.89&#8243;][et_pb_column type=&#8221;4_4&#8243; _builder_version=&#8221;3.0.89&#8243; parallax=&#8221;off&#8221; parallax_method=&#8221;on&#8221;][et_pb_image src=&#8221;http:\/\/mgcantu.it\/wp-content\/uploads\/2018\/12\/homepage-2.png&#8221; url=&#8221;http:\/\/mgcantu.it\/&#8221; align=&#8221;right&#8221; _builder_version=&#8221;3.0.89&#8243; max_width=&#8221;3%&#8221;][\/et_pb_image][\/et_pb_column][\/et_pb_row][\/et_pb_section]<\/p>\n","protected":false},"excerpt":{"rendered":"<p>[et_pb_section fb_built=&#8221;1&#8243; admin_label=&#8221;section&#8221; _builder_version=&#8221;3.0.47&#8243; custom_padding=&#8221;5px|0px|0px|0px&#8221;][et_pb_row custom_padding=&#8221;28px|0px|5px|0px&#8221; admin_label=&#8221;row&#8221; _builder_version=&#8221;3.0.47&#8243; background_size=&#8221;initial&#8221; background_position=&#8221;top_left&#8221; background_repeat=&#8221;repeat&#8221;][et_pb_column type=&#8221;1_3&#8243; _builder_version=&#8221;3.0.47&#8243; parallax=&#8221;off&#8221; parallax_method=&#8221;on&#8221;][et_pb_image src=&#8221;http:\/\/mgcantu.it\/wp-content\/uploads\/2018\/03\/56571e23-b6cc-4016-aaee-3ef3d175a951-1.jpg&#8221; _builder_version=&#8221;3.0.89&#8243; custom_margin=&#8221;5px|||&#8221;][\/et_pb_image][\/et_pb_column][et_pb_column type=&#8221;2_3&#8243; _builder_version=&#8221;3.0.47&#8243; parallax=&#8221;off&#8221; parallax_method=&#8221;on&#8221;][et_pb_text _builder_version=&#8221;3.0.89&#8243; inline_fonts=&#8221;PT Sans Narrow&#8221; text_font=&#8221;||||||||&#8221; text_letter_spacing=&#8221;1px&#8221;] MI PRESENTO Sono la Dottoressa Maria Grazia Cant\u00f9. Mi sono laureata nel 1993 in Medicina e Chirurgia con pieni voti assoluti e lode e, dopo aver incontrato [&hellip;]<\/p>\n","protected":false},"author":1,"featured_media":0,"parent":155,"menu_order":0,"comment_status":"closed","ping_status":"closed","template":"","meta":[],"_links":{"self":[{"href":"https:\/\/mgcantu.it\/index.php?rest_route=\/wp\/v2\/pages\/28"}],"collection":[{"href":"https:\/\/mgcantu.it\/index.php?rest_route=\/wp\/v2\/pages"}],"about":[{"href":"https:\/\/mgcantu.it\/index.php?rest_route=\/wp\/v2\/types\/page"}],"author":[{"embeddable":true,"href":"https:\/\/mgcantu.it\/index.php?rest_route=\/wp\/v2\/users\/1"}],"replies":[{"embeddable":true,"href":"https:\/\/mgcantu.it\/index.php?rest_route=%2Fwp%2Fv2%2Fcomments&post=28"}],"version-history":[{"count":27,"href":"https:\/\/mgcantu.it\/index.php?rest_route=\/wp\/v2\/pages\/28\/revisions"}],"predecessor-version":[{"id":2370,"href":"https:\/\/mgcantu.it\/index.php?rest_route=\/wp\/v2\/pages\/28\/revisions\/2370"}],"up":[{"embeddable":true,"href":"https:\/\/mgcantu.it\/index.php?rest_route=\/wp\/v2\/pages\/155"}],"wp:attachment":[{"href":"https:\/\/mgcantu.it\/index.php?rest_route=%2Fwp%2Fv2%2Fmedia&parent=28"}],"curies":[{"name":"wp","href":"https:\/\/api.w.org\/{rel}","templated":true}]}}